{"id":17,"date":"2019-10-10T13:03:45","date_gmt":"2019-10-10T11:03:45","guid":{"rendered":"http:\/\/jeminsohn.de\/?page_id=17"},"modified":"2019-10-30T16:56:51","modified_gmt":"2019-10-30T15:56:51","slug":"leistungen","status":"publish","type":"page","link":"https:\/\/jeminsohn.de\/?page_id=17","title":{"rendered":"Leistungen"},"content":{"rendered":"\n<h1 class=\"wp-block-heading\">Folgende Leistungen bieten wir Ihnen in Konstanz und Umgebung an:<\/h1>\n\n\n\n<ul class=\"wp-block-list\"><li>Fassadensanierungen<\/li><li>Verputzen &amp; Gipsen<\/li><li>Isolieren &amp; D\u00e4mmen<\/li><li>Maler-, Lackier- und Tapezierarbeiten <\/li><li>WDVS (W\u00e4rmeD\u00e4mmVerbundSystem)<\/li><li>Sandstrahlreinigung  <\/li><li>Bodenbeschichtung<\/li><li>Betonsanierungen <\/li><li>Sandstrahlreinigung<\/li><li>Bodenbel\u00e4ge<\/li><li>dauerelastische Verfugungen<\/li><li>Kellerdeckend\u00e4mmung <\/li><\/ul>\n","protected":false},"excerpt":{"rendered":"<p>Folgende Leistungen bieten wir Ihnen in Konstanz und Umgebung an: Fassadensanierungen Verputzen &amp; Gipsen Isolieren &amp; D\u00e4mmen Maler-, Lackier- und Tapezierarbeiten WDVS (W\u00e4rmeD\u00e4mmVerbundSystem) Sandstrahlreinigung Bodenbeschichtung Betonsanierungen Sandstrahlreinigung Bodenbel\u00e4ge dauerelastische Verfugungen Kellerdeckend\u00e4mmung<\/p>\n","protected":false},"author":1,"featured_media":0,"parent":0,"menu_order":2,"comment_status":"closed","ping_status":"closed","template":"","meta":{"footnotes":""},"class_list":["post-17","page","type-page","status-publish","hentry"],"_links":{"self":[{"href":"https:\/\/jeminsohn.de\/index.php?rest_route=\/wp\/v2\/pages\/17","targetHints":{"allow":["GET"]}}],"collection":[{"href":"https:\/\/jeminsohn.de\/index.php?rest_route=\/wp\/v2\/pages"}],"about":[{"href":"https:\/\/jeminsohn.de\/index.php?rest_route=\/wp\/v2\/types\/page"}],"author":[{"embeddable":true,"href":"https:\/\/jeminsohn.de\/index.php?rest_route=\/wp\/v2\/users\/1"}],"replies":[{"embeddable":true,"href":"https:\/\/jeminsohn.de\/index.php?rest_route=%2Fwp%2Fv2%2Fcomments&post=17"}],"version-history":[{"count":5,"href":"https:\/\/jeminsohn.de\/index.php?rest_route=\/wp\/v2\/pages\/17\/revisions"}],"predecessor-version":[{"id":60,"href":"https:\/\/jeminsohn.de\/index.php?rest_route=\/wp\/v2\/pages\/17\/revisions\/60"}],"wp:attachment":[{"href":"https:\/\/jeminsohn.de\/index.php?rest_route=%2Fwp%2Fv2%2Fmedia&parent=17"}],"curies":[{"name":"wp","href":"https:\/\/api.w.org\/{rel}","templated":true}]}}